{"id":1554,"date":"2023-01-11T17:08:57","date_gmt":"2023-01-11T17:08:57","guid":{"rendered":"https:\/\/happyseguros.pt\/?page_id=1554"},"modified":"2023-02-28T11:54:21","modified_gmt":"2023-02-28T11:54:21","slug":"acerca-de","status":"publish","type":"page","link":"https:\/\/happyseguros.pt\/index.php\/acerca-de\/","title":{"rendered":"acerca de"},"content":{"rendered":"\t\t<div data-elementor-type=\"wp-page\" data-elementor-id=\"1554\" class=\"elementor elementor-1554\">\n\t\t\t\t\t\t\t\t\t<section class=\"elementor-section elementor-top-section elementor-element elementor-element-59f4b22 elementor-section-boxed elementor-section-height-default elementor-section-height-default\" data-id=\"59f4b22\" data-element_type=\"section\">\n\t\t\t\t\t\t<div class=\"elementor-container elementor-column-gap-default\">\n\t\t\t\t\t<div class=\"elementor-column elementor-col-100 elementor-top-column elementor-element elementor-element-f510929\" data-id=\"f510929\" data-element_type=\"column\">\n\t\t\t<div class=\"elementor-widget-wrap elementor-element-populated\">\n\t\t\t\t\t\t\t\t<div class=\"elementor-element elementor-element-8b15279 elementor-widget elementor-widget-image\" data-id=\"8b15279\" data-element_type=\"widget\" data-widget_type=\"image.default\">\n\t\t\t\t<div class=\"elementor-widget-container\">\n\t\t\t<style>\/*! elementor - v3.18.0 - 20-12-2023 *\/\n.elementor-widget-image{text-align:center}.elementor-widget-image a{display:inline-block}.elementor-widget-image a img[src$=\".svg\"]{width:48px}.elementor-widget-image img{vertical-align:middle;display:inline-block}<\/style>\t\t\t\t\t\t\t\t\t\t\t\t<img fetchpriority=\"high\" decoding=\"async\" width=\"1024\" height=\"519\" src=\"https:\/\/happyseguros.pt\/wp-content\/uploads\/2022\/12\/facecapa-1024x519.png\" class=\"attachment-large size-large wp-image-1341\" alt=\"\" srcset=\"https:\/\/happyseguros.pt\/wp-content\/uploads\/2022\/12\/facecapa-1024x519.png 1024w, https:\/\/happyseguros.pt\/wp-content\/uploads\/2022\/12\/facecapa-300x152.png 300w, https:\/\/happyseguros.pt\/wp-content\/uploads\/2022\/12\/facecapa-768x389.png 768w, https:\/\/happyseguros.pt\/wp-content\/uploads\/2022\/12\/facecapa-600x304.png 600w, https:\/\/happyseguros.pt\/wp-content\/uploads\/2022\/12\/facecapa.png 1080w\" sizes=\"(max-width: 1024px) 100vw, 1024px\" \/>\t\t\t\t\t\t\t\t\t\t\t\t\t\t\t<\/div>\n\t\t\t\t<\/div>\n\t\t\t\t\t<\/div>\n\t\t<\/div>\n\t\t\t\t\t\t\t<\/div>\n\t\t<\/section>\n\t\t\t\t<section class=\"elementor-section elementor-top-section elementor-element elementor-element-d7afd0b elementor-section-boxed elementor-section-height-default elementor-section-height-default\" data-id=\"d7afd0b\" data-element_type=\"section\">\n\t\t\t\t\t\t<div class=\"elementor-container elementor-column-gap-default\">\n\t\t\t\t\t<div class=\"elementor-column elementor-col-50 elementor-top-column elementor-element elementor-element-bbc4bcd\" data-id=\"bbc4bcd\" data-element_type=\"column\">\n\t\t\t<div class=\"elementor-widget-wrap elementor-element-populated\">\n\t\t\t\t\t\t\t\t<div class=\"elementor-element elementor-element-611665f elementor-widget elementor-widget-spacer\" data-id=\"611665f\" data-element_type=\"widget\" data-widget_type=\"spacer.default\">\n\t\t\t\t<div class=\"elementor-widget-container\">\n\t\t\t<style>\/*! elementor - v3.18.0 - 20-12-2023 *\/\n.elementor-column .elementor-spacer-inner{height:var(--spacer-size)}.e-con{--container-widget-width:100%}.e-con-inner>.elementor-widget-spacer,.e-con>.elementor-widget-spacer{width:var(--container-widget-width,var(--spacer-size));--align-self:var(--container-widget-align-self,initial);--flex-shrink:0}.e-con-inner>.elementor-widget-spacer>.elementor-widget-container,.e-con>.elementor-widget-spacer>.elementor-widget-container{height:100%;width:100%}.e-con-inner>.elementor-widget-spacer>.elementor-widget-container>.elementor-spacer,.e-con>.elementor-widget-spacer>.elementor-widget-container>.elementor-spacer{height:100%}.e-con-inner>.elementor-widget-spacer>.elementor-widget-container>.elementor-spacer>.elementor-spacer-inner,.e-con>.elementor-widget-spacer>.elementor-widget-container>.elementor-spacer>.elementor-spacer-inner{height:var(--container-widget-height,var(--spacer-size))}.e-con-inner>.elementor-widget-spacer.elementor-widget-empty,.e-con>.elementor-widget-spacer.elementor-widget-empty{position:relative;min-height:22px;min-width:22px}.e-con-inner>.elementor-widget-spacer.elementor-widget-empty .elementor-widget-empty-icon,.e-con>.elementor-widget-spacer.elementor-widget-empty .elementor-widget-empty-icon{position:absolute;top:0;bottom:0;left:0;right:0;margin:auto;padding:0;width:22px;height:22px}<\/style>\t\t<div class=\"elementor-spacer\">\n\t\t\t<div class=\"elementor-spacer-inner\"><\/div>\n\t\t<\/div>\n\t\t\t\t<\/div>\n\t\t\t\t<\/div>\n\t\t\t\t<div class=\"elementor-element elementor-element-9a0b55d elementor-widget elementor-widget-heading\" data-id=\"9a0b55d\" data-element_type=\"widget\" data-widget_type=\"heading.default\">\n\t\t\t\t<div class=\"elementor-widget-container\">\n\t\t\t<style>\/*! elementor - v3.18.0 - 20-12-2023 *\/\n.elementor-heading-title{padding:0;margin:0;line-height:1}.elementor-widget-heading .elementor-heading-title[class*=elementor-size-]>a{color:inherit;font-size:inherit;line-height:inherit}.elementor-widget-heading .elementor-heading-title.elementor-size-small{font-size:15px}.elementor-widget-heading .elementor-heading-title.elementor-size-medium{font-size:19px}.elementor-widget-heading .elementor-heading-title.elementor-size-large{font-size:29px}.elementor-widget-heading .elementor-heading-title.elementor-size-xl{font-size:39px}.elementor-widget-heading .elementor-heading-title.elementor-size-xxl{font-size:59px}<\/style><h2 class=\"elementor-heading-title elementor-size-default\">A hist\u00f3ria da nossa empresa<\/h2>\t\t<\/div>\n\t\t\t\t<\/div>\n\t\t\t\t<div class=\"elementor-element elementor-element-c53aed0 elementor-widget elementor-widget-text-editor\" data-id=\"c53aed0\" data-element_type=\"widget\" data-widget_type=\"text-editor.default\">\n\t\t\t\t<div class=\"elementor-widget-container\">\n\t\t\t<style>\/*! elementor - v3.18.0 - 20-12-2023 *\/\n.elementor-widget-text-editor.elementor-drop-cap-view-stacked .elementor-drop-cap{background-color:#69727d;color:#fff}.elementor-widget-text-editor.elementor-drop-cap-view-framed .elementor-drop-cap{color:#69727d;border:3px solid;background-color:transparent}.elementor-widget-text-editor:not(.elementor-drop-cap-view-default) .elementor-drop-cap{margin-top:8px}.elementor-widget-text-editor:not(.elementor-drop-cap-view-default) .elementor-drop-cap-letter{width:1em;height:1em}.elementor-widget-text-editor .elementor-drop-cap{float:left;text-align:center;line-height:1;font-size:50px}.elementor-widget-text-editor .elementor-drop-cap-letter{display:inline-block}<\/style>\t\t\t\t<p>A Happy Media\u00e7\u00e3o de Seguros nasceu em 2018, ap\u00f3s a transi\u00e7\u00e3o da carteira de clientes de Ant\u00f3nio Alegre para esta empresa, a quem o s\u00f3cio gerente, Manuel Pinto deu o nome de Happy (Alegre) em homenagem ao seu \u201cmestre\u201d na atividade dos seguros.<\/p><p>\u00a0<\/p><p>Atualmente a Happy Media\u00e7\u00e3o de Seguros tem escrit\u00f3rios em Vila Flor e Carrazeda de Ansi\u00e3es e \u00e9 parceiro das Seguradora Zurich, Liberty, Fidelidade, Allianz, Caravela e Prevoir.<\/p><p>\u00a0<\/p><p>Procuramos as solu\u00e7\u00f5es mais adequadas para os clientes em seguros autom\u00f3vel, casa, sa\u00fade, vida, animais de companhia, entre outros.<\/p>\t\t\t\t\t\t<\/div>\n\t\t\t\t<\/div>\n\t\t\t\t\t<\/div>\n\t\t<\/div>\n\t\t\t\t<div class=\"elementor-column elementor-col-50 elementor-top-column elementor-element elementor-element-70a9ea6\" data-id=\"70a9ea6\" data-element_type=\"column\">\n\t\t\t<div class=\"elementor-widget-wrap elementor-element-populated\">\n\t\t\t\t\t\t\t\t<div class=\"elementor-element elementor-element-f11814b elementor-widget elementor-widget-image\" data-id=\"f11814b\" data-element_type=\"widget\" data-widget_type=\"image.default\">\n\t\t\t\t<div class=\"elementor-widget-container\">\n\t\t\t\t\t\t\t\t\t\t\t\t\t\t\t<img decoding=\"async\" width=\"1024\" height=\"1024\" src=\"https:\/\/happyseguros.pt\/wp-content\/uploads\/2023\/01\/facada-1024x1024.jpg\" class=\"attachment-large size-large wp-image-1556\" alt=\"\" srcset=\"https:\/\/happyseguros.pt\/wp-content\/uploads\/2023\/01\/facada-1024x1024.jpg 1024w, https:\/\/happyseguros.pt\/wp-content\/uploads\/2023\/01\/facada-300x300.jpg 300w, https:\/\/happyseguros.pt\/wp-content\/uploads\/2023\/01\/facada-150x150.jpg 150w, https:\/\/happyseguros.pt\/wp-content\/uploads\/2023\/01\/facada-768x768.jpg 768w, https:\/\/happyseguros.pt\/wp-content\/uploads\/2023\/01\/facada-1536x1536.jpg 1536w, https:\/\/happyseguros.pt\/wp-content\/uploads\/2023\/01\/facada.jpg 2048w, https:\/\/happyseguros.pt\/wp-content\/uploads\/2023\/01\/facada-600x600.jpg 600w, https:\/\/happyseguros.pt\/wp-content\/uploads\/2023\/01\/facada-100x100.jpg 100w\" sizes=\"(max-width: 1024px) 100vw, 1024px\" \/>\t\t\t\t\t\t\t\t\t\t\t\t\t\t\t<\/div>\n\t\t\t\t<\/div>\n\t\t\t\t\t<\/div>\n\t\t<\/div>\n\t\t\t\t\t\t\t<\/div>\n\t\t<\/section>\n\t\t\t\t<section class=\"elementor-section elementor-top-section elementor-element elementor-element-eacbaba elementor-section-boxed elementor-section-height-default elementor-section-height-default\" data-id=\"eacbaba\" data-element_type=\"section\">\n\t\t\t\t\t\t<div class=\"elementor-container elementor-column-gap-default\">\n\t\t\t\t\t<div class=\"elementor-column elementor-col-100 elementor-top-column elementor-element elementor-element-18e7fbe\" data-id=\"18e7fbe\" data-element_type=\"column\">\n\t\t\t<div class=\"elementor-widget-wrap elementor-element-populated\">\n\t\t\t\t\t\t\t\t<div class=\"elementor-element elementor-element-8fe1e1b elementor-widget elementor-widget-heading\" data-id=\"8fe1e1b\" data-element_type=\"widget\" data-widget_type=\"heading.default\">\n\t\t\t\t<div class=\"elementor-widget-container\">\n\t\t\t<h2 class=\"elementor-heading-title elementor-size-default\">A Nossa Equipa<\/h2>\t\t<\/div>\n\t\t\t\t<\/div>\n\t\t\t\t\t<\/div>\n\t\t<\/div>\n\t\t\t\t\t\t\t<\/div>\n\t\t<\/section>\n\t\t\t\t<section class=\"elementor-section elementor-top-section elementor-element elementor-element-e02505d elementor-section-boxed elementor-section-height-default elementor-section-height-default\" data-id=\"e02505d\" data-element_type=\"section\">\n\t\t\t\t\t\t<div class=\"elementor-container elementor-column-gap-default\">\n\t\t\t\t\t<div class=\"elementor-column elementor-col-33 elementor-top-column elementor-element elementor-element-4a850f2\" data-id=\"4a850f2\" data-element_type=\"column\">\n\t\t\t<div class=\"elementor-widget-wrap elementor-element-populated\">\n\t\t\t\t\t\t\t\t<div class=\"elementor-element elementor-element-0010392 elementor-widget elementor-widget-image\" data-id=\"0010392\" data-element_type=\"widget\" data-widget_type=\"image.default\">\n\t\t\t\t<div class=\"elementor-widget-container\">\n\t\t\t\t\t\t\t\t\t\t\t\t\t\t\t<img decoding=\"async\" width=\"300\" height=\"298\" src=\"https:\/\/happyseguros.pt\/wp-content\/uploads\/2023\/02\/manu-300x298.jpg\" class=\"attachment-medium size-medium wp-image-1745\" alt=\"\" srcset=\"https:\/\/happyseguros.pt\/wp-content\/uploads\/2023\/02\/manu-300x298.jpg 300w, https:\/\/happyseguros.pt\/wp-content\/uploads\/2023\/02\/manu-1024x1016.jpg 1024w, https:\/\/happyseguros.pt\/wp-content\/uploads\/2023\/02\/manu-150x150.jpg 150w, https:\/\/happyseguros.pt\/wp-content\/uploads\/2023\/02\/manu-768x762.jpg 768w, https:\/\/happyseguros.pt\/wp-content\/uploads\/2023\/02\/manu-1536x1524.jpg 1536w, https:\/\/happyseguros.pt\/wp-content\/uploads\/2023\/02\/manu-2048x2032.jpg 2048w, https:\/\/happyseguros.pt\/wp-content\/uploads\/2023\/02\/manu-600x595.jpg 600w, https:\/\/happyseguros.pt\/wp-content\/uploads\/2023\/02\/manu-100x100.jpg 100w\" sizes=\"(max-width: 300px) 100vw, 300px\" \/>\t\t\t\t\t\t\t\t\t\t\t\t\t\t\t<\/div>\n\t\t\t\t<\/div>\n\t\t\t\t<div class=\"elementor-element elementor-element-52d41ad elementor-widget elementor-widget-text-editor\" data-id=\"52d41ad\" data-element_type=\"widget\" data-widget_type=\"text-editor.default\">\n\t\t\t\t<div class=\"elementor-widget-container\">\n\t\t\t\t\t\t\t<p>Manuel Pinto<\/p>\t\t\t\t\t\t<\/div>\n\t\t\t\t<\/div>\n\t\t\t\t\t<\/div>\n\t\t<\/div>\n\t\t\t\t<div class=\"elementor-column elementor-col-33 elementor-top-column elementor-element elementor-element-396e0b0\" data-id=\"396e0b0\" data-element_type=\"column\">\n\t\t\t<div class=\"elementor-widget-wrap elementor-element-populated\">\n\t\t\t\t\t\t\t\t<div class=\"elementor-element elementor-element-1194fbc elementor-widget elementor-widget-image\" data-id=\"1194fbc\" data-element_type=\"widget\" data-widget_type=\"image.default\">\n\t\t\t\t<div class=\"elementor-widget-container\">\n\t\t\t\t\t\t\t\t\t\t\t\t\t\t\t<img loading=\"lazy\" decoding=\"async\" width=\"256\" height=\"300\" src=\"https:\/\/happyseguros.pt\/wp-content\/uploads\/2023\/02\/juliana-256x300.jpg\" class=\"attachment-medium size-medium wp-image-1747\" alt=\"\" srcset=\"https:\/\/happyseguros.pt\/wp-content\/uploads\/2023\/02\/juliana-256x300.jpg 256w, https:\/\/happyseguros.pt\/wp-content\/uploads\/2023\/02\/juliana-874x1024.jpg 874w, https:\/\/happyseguros.pt\/wp-content\/uploads\/2023\/02\/juliana-768x900.jpg 768w, https:\/\/happyseguros.pt\/wp-content\/uploads\/2023\/02\/juliana-1311x1536.jpg 1311w, https:\/\/happyseguros.pt\/wp-content\/uploads\/2023\/02\/juliana-1747x2048.jpg 1747w, https:\/\/happyseguros.pt\/wp-content\/uploads\/2023\/02\/juliana-600x703.jpg 600w\" sizes=\"(max-width: 256px) 100vw, 256px\" \/>\t\t\t\t\t\t\t\t\t\t\t\t\t\t\t<\/div>\n\t\t\t\t<\/div>\n\t\t\t\t<div class=\"elementor-element elementor-element-b95c0b2 elementor-widget elementor-widget-text-editor\" data-id=\"b95c0b2\" data-element_type=\"widget\" data-widget_type=\"text-editor.default\">\n\t\t\t\t<div class=\"elementor-widget-container\">\n\t\t\t\t\t\t\t<p>Juliana Samorinha<\/p>\t\t\t\t\t\t<\/div>\n\t\t\t\t<\/div>\n\t\t\t\t\t<\/div>\n\t\t<\/div>\n\t\t\t\t<div class=\"elementor-column elementor-col-33 elementor-top-column elementor-element elementor-element-d6c2b66\" data-id=\"d6c2b66\" data-element_type=\"column\">\n\t\t\t<div class=\"elementor-widget-wrap elementor-element-populated\">\n\t\t\t\t\t\t\t\t<div class=\"elementor-element elementor-element-ac13b51 elementor-widget elementor-widget-image\" data-id=\"ac13b51\" data-element_type=\"widget\" data-widget_type=\"image.default\">\n\t\t\t\t<div class=\"elementor-widget-container\">\n\t\t\t\t\t\t\t\t\t\t\t\t\t\t\t<img loading=\"lazy\" decoding=\"async\" width=\"300\" height=\"288\" src=\"https:\/\/happyseguros.pt\/wp-content\/uploads\/2023\/02\/nuno-300x288.jpg\" class=\"attachment-medium size-medium wp-image-1746\" alt=\"\" srcset=\"https:\/\/happyseguros.pt\/wp-content\/uploads\/2023\/02\/nuno-300x288.jpg 300w, https:\/\/happyseguros.pt\/wp-content\/uploads\/2023\/02\/nuno-1024x983.jpg 1024w, https:\/\/happyseguros.pt\/wp-content\/uploads\/2023\/02\/nuno-768x738.jpg 768w, https:\/\/happyseguros.pt\/wp-content\/uploads\/2023\/02\/nuno-1536x1475.jpg 1536w, https:\/\/happyseguros.pt\/wp-content\/uploads\/2023\/02\/nuno-2048x1967.jpg 2048w, https:\/\/happyseguros.pt\/wp-content\/uploads\/2023\/02\/nuno-600x576.jpg 600w\" sizes=\"(max-width: 300px) 100vw, 300px\" \/>\t\t\t\t\t\t\t\t\t\t\t\t\t\t\t<\/div>\n\t\t\t\t<\/div>\n\t\t\t\t<div class=\"elementor-element elementor-element-c407e5f elementor-widget elementor-widget-text-editor\" data-id=\"c407e5f\" data-element_type=\"widget\" data-widget_type=\"text-editor.default\">\n\t\t\t\t<div class=\"elementor-widget-container\">\n\t\t\t\t\t\t\t<p>Nuno Rainha<\/p>\t\t\t\t\t\t<\/div>\n\t\t\t\t<\/div>\n\t\t\t\t\t<\/div>\n\t\t<\/div>\n\t\t\t\t\t\t\t<\/div>\n\t\t<\/section>\n\t\t\t\t<section class=\"elementor-section elementor-top-section elementor-element elementor-element-a79ce9b elementor-section-boxed elementor-section-height-default elementor-section-height-default\" data-id=\"a79ce9b\" data-element_type=\"section\">\n\t\t\t\t\t\t<div class=\"elementor-container elementor-column-gap-default\">\n\t\t\t\t\t<div class=\"elementor-column elementor-col-100 elementor-top-column elementor-element elementor-element-f868827\" data-id=\"f868827\" data-element_type=\"column\">\n\t\t\t<div class=\"elementor-widget-wrap elementor-element-populated\">\n\t\t\t\t\t\t\t\t<div class=\"elementor-element elementor-element-3b458b5 elementor-widget elementor-widget-spacer\" data-id=\"3b458b5\" data-element_type=\"widget\" data-widget_type=\"spacer.default\">\n\t\t\t\t<div class=\"elementor-widget-container\">\n\t\t\t\t\t<div class=\"elementor-spacer\">\n\t\t\t<div class=\"elementor-spacer-inner\"><\/div>\n\t\t<\/div>\n\t\t\t\t<\/div>\n\t\t\t\t<\/div>\n\t\t\t\t<div class=\"elementor-element elementor-element-f785a06 elementor-widget elementor-widget-heading\" data-id=\"f785a06\" data-element_type=\"widget\" data-widget_type=\"heading.default\">\n\t\t\t\t<div class=\"elementor-widget-container\">\n\t\t\t<h2 class=\"elementor-heading-title elementor-size-default\">Escrit\u00f3rio em Vila Flor<\/h2>\t\t<\/div>\n\t\t\t\t<\/div>\n\t\t\t\t\t<\/div>\n\t\t<\/div>\n\t\t\t\t\t\t\t<\/div>\n\t\t<\/section>\n\t\t\t\t<section class=\"elementor-section elementor-top-section elementor-element elementor-element-9c3bc14 elementor-section-boxed elementor-section-height-default elementor-section-height-default\" data-id=\"9c3bc14\" data-element_type=\"section\">\n\t\t\t\t\t\t<div class=\"elementor-container elementor-column-gap-default\">\n\t\t\t\t\t<div class=\"elementor-column elementor-col-100 elementor-top-column elementor-element elementor-element-14dfec8\" data-id=\"14dfec8\" data-element_type=\"column\">\n\t\t\t<div class=\"elementor-widget-wrap elementor-element-populated\">\n\t\t\t\t\t\t\t\t<div class=\"elementor-element elementor-element-c1c080e elementor-widget elementor-widget-google_maps\" data-id=\"c1c080e\" data-element_type=\"widget\" data-widget_type=\"google_maps.default\">\n\t\t\t\t<div class=\"elementor-widget-container\">\n\t\t\t<style>\/*! elementor - v3.18.0 - 20-12-2023 *\/\n.elementor-widget-google_maps .elementor-widget-container{overflow:hidden}.elementor-widget-google_maps .elementor-custom-embed{line-height:0}.elementor-widget-google_maps iframe{height:300px}<\/style>\t\t<div class=\"elementor-custom-embed\">\n\t\t\t<iframe loading=\"lazy\"\n\t\t\t\t\tsrc=\"https:\/\/maps.google.com\/maps?q=av%20marechal%20carmona%2049&#038;t=m&#038;z=19&#038;output=embed&#038;iwloc=near\"\n\t\t\t\t\ttitle=\"av marechal carmona 49\"\n\t\t\t\t\taria-label=\"av marechal carmona 49\"\n\t\t\t><\/iframe>\n\t\t<\/div>\n\t\t\t\t<\/div>\n\t\t\t\t<\/div>\n\t\t\t\t\t<\/div>\n\t\t<\/div>\n\t\t\t\t\t\t\t<\/div>\n\t\t<\/section>\n\t\t\t\t<section class=\"elementor-section elementor-top-section elementor-element elementor-element-d8fe297 elementor-section-boxed elementor-section-height-default elementor-section-height-default\" data-id=\"d8fe297\" data-element_type=\"section\">\n\t\t\t\t\t\t<div class=\"elementor-container elementor-column-gap-default\">\n\t\t\t\t\t<div class=\"elementor-column elementor-col-100 elementor-top-column elementor-element elementor-element-dfcbded\" data-id=\"dfcbded\" data-element_type=\"column\">\n\t\t\t<div class=\"elementor-widget-wrap elementor-element-populated\">\n\t\t\t\t\t\t\t\t<div class=\"elementor-element elementor-element-6b66992 elementor-widget elementor-widget-spacer\" data-id=\"6b66992\" data-element_type=\"widget\" data-widget_type=\"spacer.default\">\n\t\t\t\t<div class=\"elementor-widget-container\">\n\t\t\t\t\t<div class=\"elementor-spacer\">\n\t\t\t<div class=\"elementor-spacer-inner\"><\/div>\n\t\t<\/div>\n\t\t\t\t<\/div>\n\t\t\t\t<\/div>\n\t\t\t\t<div class=\"elementor-element elementor-element-399c647 elementor-widget elementor-widget-spacer\" data-id=\"399c647\" data-element_type=\"widget\" data-widget_type=\"spacer.default\">\n\t\t\t\t<div class=\"elementor-widget-container\">\n\t\t\t\t\t<div class=\"elementor-spacer\">\n\t\t\t<div class=\"elementor-spacer-inner\"><\/div>\n\t\t<\/div>\n\t\t\t\t<\/div>\n\t\t\t\t<\/div>\n\t\t\t\t<div class=\"elementor-element elementor-element-df9c2eb elementor-widget elementor-widget-heading\" data-id=\"df9c2eb\" data-element_type=\"widget\" data-widget_type=\"heading.default\">\n\t\t\t\t<div class=\"elementor-widget-container\">\n\t\t\t<h2 class=\"elementor-heading-title elementor-size-default\">Escrit\u00f3rio em Carrazeda de Ansi\u00e3es<\/h2>\t\t<\/div>\n\t\t\t\t<\/div>\n\t\t\t\t<div class=\"elementor-element elementor-element-93a7f99 elementor-widget elementor-widget-google_maps\" data-id=\"93a7f99\" data-element_type=\"widget\" data-widget_type=\"google_maps.default\">\n\t\t\t\t<div class=\"elementor-widget-container\">\n\t\t\t\t\t<div class=\"elementor-custom-embed\">\n\t\t\t<iframe loading=\"lazy\"\n\t\t\t\t\tsrc=\"https:\/\/maps.google.com\/maps?q=rua%20luis%20de%20camoes%20857%20carrazedad%20de%20&#038;t=m&#038;z=18&#038;output=embed&#038;iwloc=near\"\n\t\t\t\t\ttitle=\"rua luis de camoes 857 carrazedad de \"\n\t\t\t\t\taria-label=\"rua luis de camoes 857 carrazedad de \"\n\t\t\t><\/iframe>\n\t\t<\/div>\n\t\t\t\t<\/div>\n\t\t\t\t<\/div>\n\t\t\t\t\t<\/div>\n\t\t<\/div>\n\t\t\t\t\t\t\t<\/div>\n\t\t<\/section>\n\t\t\t\t\t\t\t<\/div>\n\t\t","protected":false},"excerpt":{"rendered":"<p>A hist\u00f3ria da nossa empresa A Happy Media\u00e7\u00e3o de Seguros nasceu em 2018, ap\u00f3s a transi\u00e7\u00e3o da carteira de clientes de Ant\u00f3nio Alegre para esta empresa, a quem o s\u00f3cio gerente, Manuel Pinto deu o nome de Happy (Alegre) em homenagem ao seu \u201cmestre\u201d na atividade dos seguros. \u00a0 Atualmente a Happy Media\u00e7\u00e3o de Seguros &hellip;<\/p>\n<p class=\"read-more\"> <a class=\"\" href=\"https:\/\/happyseguros.pt\/index.php\/acerca-de\/\"> <span class=\"screen-reader-text\">acerca de<\/span> Read More &raquo;<\/a><\/p>\n","protected":false},"author":1,"featured_media":0,"parent":0,"menu_order":0,"comment_status":"closed","ping_status":"closed","template":"","meta":{"site-sidebar-layout":"no-sidebar","site-content-layout":"page-builder","ast-site-content-layout":"","site-content-style":"default","site-sidebar-style":"default","ast-global-header-display":"","ast-banner-title-visibility":"","ast-main-header-display":"","ast-hfb-above-header-display":"","ast-hfb-below-header-display":"","ast-hfb-mobile-header-display":"","site-post-title":"disabled","ast-breadcrumbs-content":"","ast-featured-img":"disabled","footer-sml-layout":"","theme-transparent-header-meta":"","adv-header-id-meta":"","stick-header-meta":"","header-above-stick-meta":"","header-main-stick-meta":"","header-below-stick-meta":"","astra-migrate-meta-layouts":"default","ast-page-background-enabled":"default","ast-page-background-meta":{"desktop":{"background-color":"var(--ast-global-color-4)","background-image":"","background-repeat":"repeat","background-position":"center center","background-size":"auto","background-attachment":"scroll","background-type":"","background-media":"","overlay-type":"","overlay-color":"","overlay-gradient":""},"tablet":{"background-color":"","background-image":"","background-repeat":"repeat","background-position":"center center","background-size":"auto","background-attachment":"scroll","background-type":"","background-media":"","overlay-type":"","overlay-color":"","overlay-gradient":""},"mobile":{"background-color":"","background-image":"","background-repeat":"repeat","background-position":"center center","background-size":"auto","background-attachment":"scroll","background-type":"","background-media":"","overlay-type":"","overlay-color":"","overlay-gradient":""}},"ast-content-background-meta":{"desktop":{"background-color":"var(--ast-global-color-5)","background-image":"","background-repeat":"repeat","background-position":"center center","background-size":"auto","background-attachment":"scroll","background-type":"","background-media":"","overlay-type":"","overlay-color":"","overlay-gradient":""},"tablet":{"background-color":"var(--ast-global-color-5)","background-image":"","background-repeat":"repeat","background-position":"center center","background-size":"auto","background-attachment":"scroll","background-type":"","background-media":"","overlay-type":"","overlay-color":"","overlay-gradient":""},"mobile":{"background-color":"var(--ast-global-color-5)","background-image":"","background-repeat":"repeat","background-position":"center center","background-size":"auto","background-attachment":"scroll","background-type":"","background-media":"","overlay-type":"","overlay-color":"","overlay-gradient":""}},"footnotes":""},"_links":{"self":[{"href":"https:\/\/happyseguros.pt\/index.php\/wp-json\/wp\/v2\/pages\/1554"}],"collection":[{"href":"https:\/\/happyseguros.pt\/index.php\/wp-json\/wp\/v2\/pages"}],"about":[{"href":"https:\/\/happyseguros.pt\/index.php\/wp-json\/wp\/v2\/types\/page"}],"author":[{"embeddable":true,"href":"https:\/\/happyseguros.pt\/index.php\/wp-json\/wp\/v2\/users\/1"}],"replies":[{"embeddable":true,"href":"https:\/\/happyseguros.pt\/index.php\/wp-json\/wp\/v2\/comments?post=1554"}],"version-history":[{"count":17,"href":"https:\/\/happyseguros.pt\/index.php\/wp-json\/wp\/v2\/pages\/1554\/revisions"}],"predecessor-version":[{"id":1751,"href":"https:\/\/happyseguros.pt\/index.php\/wp-json\/wp\/v2\/pages\/1554\/revisions\/1751"}],"wp:attachment":[{"href":"https:\/\/happyseguros.pt\/index.php\/wp-json\/wp\/v2\/media?parent=1554"}],"curies":[{"name":"wp","href":"https:\/\/api.w.org\/{rel}","templated":true}]}}