{"id":1493,"date":"2023-01-09T16:58:32","date_gmt":"2023-01-09T16:58:32","guid":{"rendered":"https:\/\/happyseguros.pt\/?page_id=1493"},"modified":"2023-01-09T17:00:39","modified_gmt":"2023-01-09T17:00:39","slug":"politica-de-privacidade","status":"publish","type":"page","link":"https:\/\/happyseguros.pt\/index.php\/politica-de-privacidade\/","title":{"rendered":"politica de privacidade"},"content":{"rendered":"\t\t<div data-elementor-type=\"wp-page\" data-elementor-id=\"1493\" class=\"elementor elementor-1493\">\n\t\t\t\t\t\t\t\t\t<section class=\"elementor-section elementor-top-section elementor-element elementor-element-b1e312e elementor-section-boxed elementor-section-height-default elementor-section-height-default\" data-id=\"b1e312e\" data-element_type=\"section\">\n\t\t\t\t\t\t<div class=\"elementor-container elementor-column-gap-default\">\n\t\t\t\t\t<div class=\"elementor-column elementor-col-100 elementor-top-column elementor-element elementor-element-303e078\" data-id=\"303e078\" data-element_type=\"column\">\n\t\t\t<div class=\"elementor-widget-wrap elementor-element-populated\">\n\t\t\t\t\t\t\t\t<div class=\"elementor-element elementor-element-ea32f49 elementor-widget elementor-widget-text-editor\" data-id=\"ea32f49\" data-element_type=\"widget\" data-widget_type=\"text-editor.default\">\n\t\t\t\t<div class=\"elementor-widget-container\">\n\t\t\t<style>\/*! elementor - v3.18.0 - 20-12-2023 *\/\n.elementor-widget-text-editor.elementor-drop-cap-view-stacked .elementor-drop-cap{background-color:#69727d;color:#fff}.elementor-widget-text-editor.elementor-drop-cap-view-framed .elementor-drop-cap{color:#69727d;border:3px solid;background-color:transparent}.elementor-widget-text-editor:not(.elementor-drop-cap-view-default) .elementor-drop-cap{margin-top:8px}.elementor-widget-text-editor:not(.elementor-drop-cap-view-default) .elementor-drop-cap-letter{width:1em;height:1em}.elementor-widget-text-editor .elementor-drop-cap{float:left;text-align:center;line-height:1;font-size:50px}.elementor-widget-text-editor .elementor-drop-cap-letter{display:inline-block}<\/style>\t\t\t\t<h3><span style=\"font-weight: 400;\">POL\u00cdTICA DE PRIVACIDADE PARA Happy &#8211; MEDIA\u00c7\u00c3O DE SEGUROS (happyseguros.pt)<\/span><\/h3><p><span style=\"font-weight: 400;\">Artigos 8\u00ba, 13\u00ba, 14\u00ba e 21\u00ba do Regulamento Geral de Prote\u00e7\u00e3o de Dados \u2013 RGPD<\/span><\/p><p>\u00a0<\/p><h4><span style=\"font-weight: 400;\">Acerca desta Pol\u00edtica de Privacidade<\/span><\/h4><p><span style=\"font-weight: 400;\">Happy &#8211; Media\u00e7\u00e3o de Seguros Lda. respeita as suas prefer\u00eancias no que concerne \u00e0 recolha e uso dos seus Dados Pessoais.<\/span><\/p><p><span style=\"font-weight: 400;\">\u00abDados Pessoais\u00bb, refere-se \u00e0 informa\u00e7\u00e3o relativa a uma pessoa singular identificada ou identific\u00e1vel (\u00abTitular dos Dados\u00bb); \u00e9 considerada identific\u00e1vel uma pessoa singular que possa ser identificada, direta ou indiretamente, em especial por refer\u00eancia a um identificador, como por exemplo um nome, um n\u00famero de identifica\u00e7\u00e3o, dados de localiza\u00e7\u00e3o, identificadores por via eletr\u00f3nica ou a um ou mais elementos espec\u00edficos da identidade f\u00edsica, fisiol\u00f3gica, gen\u00e9tica, mental, econ\u00f3mica, cultural ou social dessa pessoa singular.<\/span><\/p><p><span style=\"font-weight: 400;\">Happy &#8211; Media\u00e7\u00e3o de Seguros. respeita as suas prefer\u00eancias em rela\u00e7\u00e3o ao tratamento de Dados Pessoais que recolhe.<\/span><\/p><p><span style=\"font-weight: 400;\">Esta Pol\u00edtica (\u201cPol\u00edtica\u201d) permite-lhe saber como s\u00e3o recolhidos e utilizados os seus Dados Pessoais no website happyseguros.pt, como voc\u00ea pode controlar o seu uso e descreve as nossas pr\u00e1ticas em rela\u00e7\u00e3o a informa\u00e7\u00e3o recolhida em outros sites se ligam ou referem esta Pol\u00edtica (tais como websites, aplica\u00e7\u00f5es de software, redes sociais e mensagens eletr\u00f3nicas), bem como, atividades de marketing e de vendas offline (coletivamente, \u201cCanais de Comunica\u00e7\u00e3o\u201d).<\/span><\/p><p><span style=\"font-weight: 400;\">A recolha e tratamento dos dados de car\u00e1ter pessoal dos utilizadores realizado pelo website happyseguros.pt, bem como o envio de comunica\u00e7\u00f5es comerciais realizadas por meios eletr\u00f3nicos est\u00e3o em conformidade com a legisla\u00e7\u00e3o nacional e comunit\u00e1ria em vigor, nomeadamente com o recente Regulamento UE 2016\/679 (Regulamento Geral de Prote\u00e7\u00e3o de Dados).<\/span><\/p><p><span style=\"font-weight: 400;\">Os Canais de Comunica\u00e7\u00e3o podem providenciar links para outras plataformas n\u00e3o pertencentes ao universo Happy &#8211; Media\u00e7\u00e3o de Seguros. Encorajamo-lo a verificar as pol\u00edticas de privacidade desses websites, servi\u00e7os, redes sociais ou aplica\u00e7\u00f5es antes de fornecer os seus Dados Pessoais.<\/span><\/p><h4><span style=\"font-weight: 400;\">Que informa\u00e7\u00e3o recolhemos acerca de si?<\/span><\/h4><p><span style=\"font-weight: 400;\">Recolhemos informa\u00e7\u00e3o acerca de si quando coloca um pedido de contacto. N\u00f3s tamb\u00e9m recolhemos informa\u00e7\u00e3o sua quando voluntariamente preenche formul\u00e1rios, nos telefona ou escreve-nos.<\/span><\/p><p><span style=\"font-weight: 400;\">Os dados pessoais recolhidos s\u00e3o os necess\u00e1rios \u00e0 finalidade pela qual nos contactou, tratando nesse \u00e2mbito dados como o nome, a morada, o n\u00famero de telefone, o endere\u00e7o de correio eletr\u00f3nico, o assunto. Ao disponibilizar os seus dados pessoais, est\u00e1 a autorizar a recolha, uso e divulga\u00e7\u00e3o dos mesmos de acordo com as regras aqui definidas.<\/span><\/p><p><span style=\"font-weight: 400;\">Pedimos-lhe que n\u00e3o envie ou partilhe com o website Happy &#8211; Media\u00e7\u00e3o de Seguros qualquer informa\u00e7\u00e3o pessoal sens\u00edvel como a origem racial ou \u00e9tnica, as opini\u00f5es pol\u00edticas, as convic\u00e7\u00f5es religiosas ou filos\u00f3ficas, ou a filia\u00e7\u00e3o sindical, bem como dados gen\u00e9ticos, dados biom\u00e9tricos, dados relativos \u00e0 sa\u00fade ou dados relativos \u00e0 vida sexual ou orienta\u00e7\u00e3o sexual.<\/span><\/p><p><span style=\"font-weight: 400;\">A informa\u00e7\u00e3o de uso do website \u00e9 recolhida usando cookies, mas n\u00e3o o identificam especificamente, sendo ou podendo ser recolhidos os dados seguintes:<\/span><\/p><ul><li style=\"font-weight: 400;\" aria-level=\"1\"><span style=\"font-weight: 400;\">Endere\u00e7o IP.<\/span><\/li><li style=\"font-weight: 400;\" aria-level=\"1\"><span style=\"font-weight: 400;\">Localiza\u00e7\u00e3o geogr\u00e1fica.<\/span><\/li><li style=\"font-weight: 400;\" aria-level=\"1\"><span style=\"font-weight: 400;\">Informa\u00e7\u00e3o acerca do dispositivo que est\u00e1 a aceder ao website, nomeadamente, tipo e vers\u00e3o do navegador, sistema operativo, resolu\u00e7\u00e3o do ecr\u00e3, linguagem preferida, informa\u00e7\u00e3o contida nos cabe\u00e7alhos HTTP e vers\u00e3o do agente.<\/span><\/li><li style=\"font-weight: 400;\" aria-level=\"1\"><span style=\"font-weight: 400;\">O motor de busca que usou para localizar e aceder ao website.<\/span><\/li><li style=\"font-weight: 400;\" aria-level=\"1\"><span style=\"font-weight: 400;\">Data e tempo de atividade no website, bem como, p\u00e1ginas web e conte\u00fados visitados e clicados.<\/span><\/li><\/ul><p><span style=\"font-weight: 400;\">Importa real\u00e7ar que esta informa\u00e7\u00e3o de uso n\u00e3o o identifica deliberadamente e se excepcionalmente o identificar a mesma ser\u00e1 anonimizada de imediato.<\/span><\/p><p><span style=\"font-weight: 400;\">Ao ceder informa\u00e7\u00e3o est\u00e1 a dar o seu consentimento informado e inequ\u00edvoco de que consente o tratamento dos dados que lhe digam respeito de forma automatizada.<\/span><\/p><p><span style=\"font-weight: 400;\">Alguns dos dados solicitados s\u00e3o de car\u00e1ter obrigat\u00f3rio, estando os mesmos identificados, podendo a falta ou inexatid\u00e3o das respostas dadas comprometer o servi\u00e7o prestado.<\/span><\/p><h4><span style=\"font-weight: 400;\">De que forma usamos a informa\u00e7\u00e3o sobre si?<\/span><\/h4><p><span style=\"font-weight: 400;\">Os dados recolhidos servem para processar o seu pedido, gerir a sua conta e, se concordar, enviar-lhe por correio eletr\u00f3nico informa\u00e7\u00e3o acerca de outros produtos e servi\u00e7os que pensamos serem do seu interesse.<\/span><\/p><p><span style=\"font-weight: 400;\">Usamos a informa\u00e7\u00e3o recolhida do website para personalizar as suas pr\u00f3ximas visitas ao nosso website.<\/span><\/p><p><span style=\"font-weight: 400;\">A Happy &#8211; Media\u00e7\u00e3o de Seguros, n\u00e3o partilha a sua informa\u00e7\u00e3o para campanhas de marketing nem transfere os seus Dados Pessoais para um pa\u00eds terceiro.<\/span><\/p><p><span style=\"font-weight: 400;\">Embora a informa\u00e7\u00e3o fornecida seja geralmente tratada como privada, os dados recolhidos ser\u00e3o utilizados em conformidade com o regulamento de prote\u00e7\u00e3o de dados pessoais, durante todo o processo de tratamento.<\/span><\/p><p><span style=\"font-weight: 400;\">Tem o direito de apresentar reclama\u00e7\u00e3o a uma Autoridade de Controlo da Uni\u00e3o Europeia em rela\u00e7\u00e3o \u00e0 prote\u00e7\u00e3o dos seus Dados Pessoais. A Happy &#8211; Media\u00e7\u00e3o de Seguros, prestar\u00e1 a sua colabora\u00e7\u00e3o \u00e0 Autoridade de Controlo facultando-lhe todas as informa\u00e7\u00f5es que por esta, no exerc\u00edcio das suas compet\u00eancias, lhe forem solicitadas.<\/span><\/p><p><span style=\"font-weight: 400;\">A informa\u00e7\u00e3o recolhida neste website n\u00e3o envolve a tomada de decis\u00f5es automatizadas, incluindo a defini\u00e7\u00e3o de perfis.<\/span><\/p><p><span style=\"font-weight: 400;\">Neste website n\u00e3o s\u00e3o efetuadas compara\u00e7\u00f5es, interconex\u00f5es ou qualquer outra forma de inter-relacionar as informa\u00e7\u00f5es registadas.<\/span><\/p><p><span style=\"font-weight: 400;\">Os destinat\u00e1rios ou categorias de destinat\u00e1rios dos seus Dados Pessoais dependendo da ferramenta de contacto que utilizar s\u00e3o os departamentos de Informa\u00e7\u00e3o, Comunica\u00e7\u00e3o e Suporte T\u00e9cnico.<\/span><\/p><p><span style=\"font-weight: 400;\">Partilharemos os seus dados pessoais com o seu consentimento ou, conforme necess\u00e1rio, para concluir qualquer processo ou fornecer qualquer servi\u00e7o que solicitar.<\/span><\/p><p><span style=\"font-weight: 400;\">Tamb\u00e9m partilhamos os dados quando exigido por lei ou para responder ao processo legal; para proteger os nossos clientes; para proteger vidas; para manter a seguran\u00e7a dos nossos servi\u00e7os; e para proteger os direitos de propriedade ou a Happy &#8211; Media\u00e7\u00e3o de Seguros..<\/span><\/p><h4><span style=\"font-weight: 400;\">Marketing<\/span><\/h4><p><span style=\"font-weight: 400;\">Gostar\u00edamos de lhe poder enviar informa\u00e7\u00e3o acerca da Happy &#8211; Media\u00e7\u00e3o de Seguros, e das suas iniciativas que possam ser ou vir a ser do seu interesse. Se deu o seu consentimento anteriormente pode sempre optar por cancelar a subscri\u00e7\u00e3o. Tem o direito em qualquer altura de n\u00e3o permitir que seja contactado para campanhas de marketing.<\/span><\/p><h4><span style=\"font-weight: 400;\">Acesso e corre\u00e7\u00e3o da sua informa\u00e7\u00e3o<\/span><\/h4><p><span style=\"font-weight: 400;\">Queremos ter a certeza da exatid\u00e3o e fiabilidade da informa\u00e7\u00e3o que retemos acerca de si.<\/span><\/p><p><span style=\"font-weight: 400;\">Confiamos no Utilizador, para nos fornecer informa\u00e7\u00f5es precisas e completas e para proceder \u00e0 atualiza\u00e7\u00e3o dos dados em rela\u00e7\u00e3o a qualquer altera\u00e7\u00e3o na informa\u00e7\u00e3o fornecida.<\/span><\/p><p><span style=\"font-weight: 400;\">O Utilizador tem o direito de retirar o seu consentimento em qualquer altura, sem comprometer a licitude do tratamento efetuado com base no consentimento previamente dado e o direito de solicitar \u00e0 Happy- Media\u00e7\u00e3o de Seguros, acesso aos Dados Pessoais que lhe digam respeito, bem como a sua retifica\u00e7\u00e3o ou o seu apagamento, e a limita\u00e7\u00e3o do tratamento no que disser respeito ao Utilizador, ou do direito de se opor ao tratamento, bem como do direito \u00e0 portabilidade dos dados.<\/span><\/p><p><span style=\"font-weight: 400;\">Sem preju\u00edzo de disposi\u00e7\u00f5es legais ou regulamentares em contr\u00e1rio, os Dados Pessoais ser\u00e3o conservados apenas pelo per\u00edodo m\u00ednimo necess\u00e1rio para as finalidades que motivaram a sua recolha ou o seu posterior tratamento ap\u00f3s os quais s\u00e3o eliminados ou caso seja do interesse da Happy &#8211; Media\u00e7\u00e3o de Seguros. processados para fins estat\u00edsticos, anonimizados, n\u00e3o sendo poss\u00edvel identificar o seu Titular.<\/span><\/p><p><span style=\"font-weight: 400;\">Carece de consentimento o tratamento posterior dos Dados Pessoais para um fim que n\u00e3o seja aquele para o qual os dados tenham sido recolhidos, antes desse tratamento o Respons\u00e1vel pelo Tratamento fornece ao Titular dos Dados informa\u00e7\u00f5es sobre esse fim e quaisquer outras informa\u00e7\u00f5es pertinentes.<\/span><\/p><p><span style=\"font-weight: 400;\">Tem o direito de solicitar uma c\u00f3pia da informa\u00e7\u00e3o que temos acerca de si. Se quiser solicitar uma c\u00f3pia parcial ou total da informa\u00e7\u00e3o retida sobre si pela Happy &#8211; Media\u00e7\u00e3o de Seguros.<\/span><\/p><h4><span style=\"font-weight: 400;\">Cookies<\/span><\/h4><p><span style=\"font-weight: 400;\">S\u00e3o pequenos ficheiros de texto guardados no seu computador que servem para recolher informa\u00e7\u00e3o acerca do seu dispositivo e informa\u00e7\u00e3o acerca da sua experi\u00eancia de utiliza\u00e7\u00e3o.<\/span><\/p><p><span style=\"font-weight: 400;\">Esta informa\u00e7\u00e3o \u00e9 usada para registar o n\u00famero de visitas efetuadas e compilar informa\u00e7\u00e3o estat\u00edstica acerca da atividade do website.<\/span><\/p><p><span style=\"font-weight: 400;\">Tipos de Cookies consoante a entidade que os gere:<\/span><\/p><ul><li style=\"font-weight: 400;\" aria-level=\"1\"><span style=\"font-weight: 400;\">Cookies pr\u00f3prios: um cookie gerido por este dom\u00ednio \/ website.<\/span><\/li><li style=\"font-weight: 400;\" aria-level=\"1\"><span style=\"font-weight: 400;\">Cookies de terceiros: um cookie gerido por outro dom\u00ednio \/ website.<\/span><\/li><li style=\"font-weight: 400;\" aria-level=\"1\"><span style=\"font-weight: 400;\">Cookies persistentes: a informa\u00e7\u00e3o do cookie encontra-se armazenada de forma permanente no seu equipamento.<\/span><\/li><li style=\"font-weight: 400;\" aria-level=\"1\"><span style=\"font-weight: 400;\">Cookies de sess\u00e3o: a informa\u00e7\u00e3o do cookie n\u00e3o se encontra armazenada de forma permanente no seu equipamento.<\/span><\/li><\/ul><p><span style=\"font-weight: 400;\">O website happyseguros.pt usa cookies de sess\u00e3o (\u201csession cookies\u201d) e cookies pr\u00f3prios (\u201cfirst-party cookies\u201d) bem como cookies persistentes (\u201cpersistent cookies\u201d) e cookies de terceiros (\u201cthird-party cookies\u201d).<\/span><\/p><p><span style=\"font-weight: 400;\">Tipos de cookies consoante a finalidade de utiliza\u00e7\u00e3o:<\/span><\/p><ul><li style=\"font-weight: 400;\" aria-level=\"1\"><span style=\"font-weight: 400;\">Cookies t\u00e9cnicos: s\u00e3o aqueles que permitem navegar atrav\u00e9s de um dom\u00ednio \/ website, utilizando as diferentes op\u00e7\u00f5es ou servi\u00e7os como, por exemplo, identificar a sess\u00e3o, aceder a \u00e1reas de acesso restrito e realizar o processo de um pedido de compra.<\/span><\/li><li style=\"font-weight: 400;\" aria-level=\"1\"><span style=\"font-weight: 400;\">Cookies de personaliza\u00e7\u00e3o: s\u00e3o aqueles que permitem aceder ao dom\u00ednio \/ website com algumas caracter\u00edsticas predefinidos em fun\u00e7\u00e3o de um conjunto de decis\u00f5es tomadas, como por exemplo a l\u00edngua utilizada.<\/span><\/li><li style=\"font-weight: 400;\" aria-level=\"1\"><span style=\"font-weight: 400;\">Cookies de an\u00e1lise: s\u00e3o aqueles que permitem a monitoriza\u00e7\u00e3o e an\u00e1lise do comportamento dos utilizadores de websites aos quais est\u00e3o vinculados. A informa\u00e7\u00e3o recolhida atrav\u00e9s de tais cookies \u00e9 usada, por exemplo, para medir a atividade dos websites e elaborar perfis de navega\u00e7\u00e3o.<\/span><\/li><li style=\"font-weight: 400;\" aria-level=\"1\"><span style=\"font-weight: 400;\">Cookies publicit\u00e1rios: s\u00e3o aqueles que permitem a gest\u00e3o da forma mais eficiente de espa\u00e7os publicit\u00e1rios com base em crit\u00e9rios como o conte\u00fado editado ou a frequ\u00eancia em que os an\u00fancios s\u00e3o exibidos.<\/span><\/li><li style=\"font-weight: 400;\" aria-level=\"1\"><span style=\"font-weight: 400;\">Cookies de publicidade comportamental: s\u00e3o aqueles que permitem a gest\u00e3o da forma mais eficaz poss\u00edvel de espa\u00e7os publicit\u00e1rios. Estes cookies armazenam informa\u00e7\u00f5es sobre o comportamento do utilizador, obtidas atrav\u00e9s da observa\u00e7\u00e3o cont\u00ednua dos seus h\u00e1bitos de navega\u00e7\u00e3o, permitindo desenvolver um perfil espec\u00edfico para exibir an\u00fancios com base neste.<\/span><\/li><\/ul><p><span style=\"font-weight: 400;\">O website happyeguros.pt usa Cookies t\u00e9cnicos, Cookies de personaliza\u00e7\u00e3o e Cookies de an\u00e1lise; n\u00e3o usa Cookies publicit\u00e1rios nem Cookies de publicidade comportamental. A informa\u00e7\u00e3o relativa aos cookies \u00e9 controlada e acedida pela Happy &#8211; Media\u00e7\u00e3o de Seguros..<\/span><\/p><p><span style=\"font-weight: 400;\">As newsletters das Happy &#8211; Media\u00e7\u00e3o de Seguros, podem, para fins estat\u00edsticos, conter um \u00fanico \u201cpixel\u201d que permite saber se s\u00e3o abertas e verificar os cliques atrav\u00e9s de links dentro de cada newsletter.<\/span><\/p><p><span style=\"font-weight: 400;\">O utilizador tem sempre a possibilidade de desativar o envio da newsletter.<\/span><\/p><p><span style=\"font-weight: 400;\">De acordo com a informa\u00e7\u00e3o acima fornecida, como utilizador, est\u00e1 a consentir expressamente o uso dos cookies de que se fez refer\u00eancia para os fins previstos para cada um dos mesmos.<\/span><\/p><p><span style=\"font-weight: 400;\">Informa\u00e7\u00e3o espec\u00edfica sobre os cookies de terceiros Google Analytics pode ser obtida aqui (<\/span><a href=\"https:\/\/developers.google.com\/analytics\/devguides\/collection\/analyticsjs\/cookie-usage\"><span style=\"font-weight: 400;\">https:\/\/developers.google.com\/analytics\/devguides\/collection\/analyticsjs\/cookie-usage<\/span><\/a><span style=\"font-weight: 400;\">).<\/span><\/p><p><span style=\"font-weight: 400;\">N\u00e3o nos responsabilizamos pelo conte\u00fado e exatid\u00e3o dos termos e condi\u00e7\u00f5es de uso, das pol\u00edticas de privacidade e pol\u00edticas de cookies de terceiros referidos anteriormente.<\/span><\/p><p><span style=\"font-weight: 400;\">Pode obter mais informa\u00e7\u00e3o visitando <\/span><a href=\"http:\/\/aboutcookies.org\/\"><span style=\"font-weight: 400;\">aboutcookies.org<\/span><\/a><span style=\"font-weight: 400;\"> ou <\/span><a href=\"http:\/\/allaboutcookies.org\/\"><span style=\"font-weight: 400;\">allaboutcookies.org<\/span><\/a><span style=\"font-weight: 400;\">.<\/span><\/p><p><span style=\"font-weight: 400;\">Pode configurar o seu browser para n\u00e3o aceitar cookies e os websites mencionados anteriormente explicam-lhe como pode remov\u00ea-los. No entanto, a n\u00e3o aceita\u00e7\u00e3o de cookies, pode resultar na execu\u00e7\u00e3o incorreto de algumas funcionalidades do Website.<\/span><\/p><p><span style=\"font-weight: 400;\">Nenhum dos cookies usados \u00e9 essencial para a utiliza\u00e7\u00e3o do Website, para uma funcionalidade em particular ou para o melhoramento do desempenho do Website.<\/span><\/p><p><span style=\"font-weight: 400;\">A utiliza\u00e7\u00e3o de cookies em happyseguros.pt tem os objetivos de analisar o uso do Website e permitir-lhe ter uma experi\u00eancia de navega\u00e7\u00e3o sem problemas; em momento algum recolhemos Dados Pessoais atrav\u00e9s de cookies.<\/span><\/p><p><span style=\"font-weight: 400;\">Os cookies n\u00e3o ser\u00e3o usados para nenhum outro prop\u00f3sito dos mencionados no ponto anterior.<\/span><\/p><h4><span style=\"font-weight: 400;\">Outros websites<\/span><\/h4><p><span style=\"font-weight: 400;\">Este website contem links para outros websites. Este comunicado de privacidade apenas se aplica a este website. Deve ler as pol\u00edticas de privacidade dos outros websites.<\/span><\/p><h4><span style=\"font-weight: 400;\">Seguran\u00e7a<\/span><\/h4><p><span style=\"font-weight: 400;\">Happy- Media\u00e7\u00e3o de Seguros Lda. e o subcontratante Cl3Tech\u00a0 aplicam medidas t\u00e9cnicas e organizativas adequadas para assegurar um n\u00edvel de seguran\u00e7a adequado ao risco por manter em arquivo os Dados Pessoais e durante a transmiss\u00e3o dos mesmos.<\/span><\/p><p><span style=\"font-weight: 400;\">A Happy &#8211; Media\u00e7\u00e3o de Seguros Lda. disp\u00f5e de um sistema inform\u00e1tico com capacidade de resistir, com um dado n\u00edvel de confian\u00e7a, a eventos acidentais ou a a\u00e7\u00f5es maliciosas ou il\u00edcitas que comprometam a disponibilidade, a autenticidade, a integridade e a confidencialidade dos Dados Pessoais conservados ou transmitidos, bem como a seguran\u00e7a dos servi\u00e7os conexos oferecidos ou acess\u00edveis atrav\u00e9s destas redes e sistemas.<\/span><\/p><h4><span style=\"font-weight: 400;\">Altera\u00e7\u00f5es a este comunicado de privacidade<\/span><\/h4><p><span style=\"font-weight: 400;\">As nossas pol\u00edticas de privacidade s\u00e3o revistas regularmente e todas as altera\u00e7\u00f5es ser\u00e3o publicadas neste website. A \u00faltima atualiza\u00e7\u00e3o \u00e9 de 01 de Janeiro de 2023.<\/span><\/p><h4><span style=\"font-weight: 400;\">Contactos<\/span><\/h4><p><span style=\"font-weight: 400;\">O Respons\u00e1vel pelo Tratamento deste website \u00e9 a Happy &#8211; Media\u00e7\u00e3o de Seguros e o subcontratante Cl3Tech e os mesmos podem ser contactados atrav\u00e9s do e-mail\u00a0 luisparadela@cl3tech.com<\/span><\/p><p><span style=\"font-weight: 400;\">Se acredita que o website happyseguros.pt n\u00e3o aderiu a esta declara\u00e7\u00e3o, tiver alguma quest\u00e3o acerca da nossa pol\u00edtica de privacidade ou da informa\u00e7\u00e3o que temos sobre si, entre em contacto connosco. Responderemos a perguntas no prazo de 30 dias.<\/span><\/p>\t\t\t\t\t\t<\/div>\n\t\t\t\t<\/div>\n\t\t\t\t\t<\/div>\n\t\t<\/div>\n\t\t\t\t\t\t\t<\/div>\n\t\t<\/section>\n\t\t\t\t\t\t\t<\/div>\n\t\t","protected":false},"excerpt":{"rendered":"<p>POL\u00cdTICA DE PRIVACIDADE PARA Happy &#8211; MEDIA\u00c7\u00c3O DE SEGUROS (happyseguros.pt) Artigos 8\u00ba, 13\u00ba, 14\u00ba e 21\u00ba do Regulamento Geral de Prote\u00e7\u00e3o de Dados \u2013 RGPD \u00a0 Acerca desta Pol\u00edtica de Privacidade Happy &#8211; Media\u00e7\u00e3o de Seguros Lda. respeita as suas prefer\u00eancias no que concerne \u00e0 recolha e uso dos seus Dados Pessoais. \u00abDados Pessoais\u00bb, refere-se &hellip;<\/p>\n<p class=\"read-more\"> <a class=\"\" href=\"https:\/\/happyseguros.pt\/index.php\/politica-de-privacidade\/\"> <span class=\"screen-reader-text\">politica de privacidade<\/span> Read More &raquo;<\/a><\/p>\n","protected":false},"author":1,"featured_media":0,"parent":0,"menu_order":0,"comment_status":"closed","ping_status":"closed","template":"","meta":{"site-sidebar-layout":"no-sidebar","site-content-layout":"page-builder","ast-site-content-layout":"","site-content-style":"default","site-sidebar-style":"default","ast-global-header-display":"","ast-banner-title-visibility":"","ast-main-header-display":"","ast-hfb-above-header-display":"","ast-hfb-below-header-display":"","ast-hfb-mobile-header-display":"","site-post-title":"disabled","ast-breadcrumbs-content":"","ast-featured-img":"disabled","footer-sml-layout":"","theme-transparent-header-meta":"","adv-header-id-meta":"","stick-header-meta":"","header-above-stick-meta":"","header-main-stick-meta":"","header-below-stick-meta":"","astra-migrate-meta-layouts":"default","ast-page-background-enabled":"default","ast-page-background-meta":{"desktop":{"background-color":"var(--ast-global-color-4)","background-image":"","background-repeat":"repeat","background-position":"center center","background-size":"auto","background-attachment":"scroll","background-type":"","background-media":"","overlay-type":"","overlay-color":"","overlay-gradient":""},"tablet":{"background-color":"","background-image":"","background-repeat":"repeat","background-position":"center center","background-size":"auto","background-attachment":"scroll","background-type":"","background-media":"","overlay-type":"","overlay-color":"","overlay-gradient":""},"mobile":{"background-color":"","background-image":"","background-repeat":"repeat","background-position":"center center","background-size":"auto","background-attachment":"scroll","background-type":"","background-media":"","overlay-type":"","overlay-color":"","overlay-gradient":""}},"ast-content-background-meta":{"desktop":{"background-color":"var(--ast-global-color-5)","background-image":"","background-repeat":"repeat","background-position":"center center","background-size":"auto","background-attachment":"scroll","background-type":"","background-media":"","overlay-type":"","overlay-color":"","overlay-gradient":""},"tablet":{"background-color":"var(--ast-global-color-5)","background-image":"","background-repeat":"repeat","background-position":"center center","background-size":"auto","background-attachment":"scroll","background-type":"","background-media":"","overlay-type":"","overlay-color":"","overlay-gradient":""},"mobile":{"background-color":"var(--ast-global-color-5)","background-image":"","background-repeat":"repeat","background-position":"center center","background-size":"auto","background-attachment":"scroll","background-type":"","background-media":"","overlay-type":"","overlay-color":"","overlay-gradient":""}},"footnotes":""},"_links":{"self":[{"href":"https:\/\/happyseguros.pt\/index.php\/wp-json\/wp\/v2\/pages\/1493"}],"collection":[{"href":"https:\/\/happyseguros.pt\/index.php\/wp-json\/wp\/v2\/pages"}],"about":[{"href":"https:\/\/happyseguros.pt\/index.php\/wp-json\/wp\/v2\/types\/page"}],"author":[{"embeddable":true,"href":"https:\/\/happyseguros.pt\/index.php\/wp-json\/wp\/v2\/users\/1"}],"replies":[{"embeddable":true,"href":"https:\/\/happyseguros.pt\/index.php\/wp-json\/wp\/v2\/comments?post=1493"}],"version-history":[{"count":4,"href":"https:\/\/happyseguros.pt\/index.php\/wp-json\/wp\/v2\/pages\/1493\/revisions"}],"predecessor-version":[{"id":1497,"href":"https:\/\/happyseguros.pt\/index.php\/wp-json\/wp\/v2\/pages\/1493\/revisions\/1497"}],"wp:attachment":[{"href":"https:\/\/happyseguros.pt\/index.php\/wp-json\/wp\/v2\/media?parent=1493"}],"curies":[{"name":"wp","href":"https:\/\/api.w.org\/{rel}","templated":true}]}}